{"id":35,"date":"2025-10-24T01:57:06","date_gmt":"2025-10-24T01:57:06","guid":{"rendered":"https:\/\/ixrfuzt.cluster129.hosting.ovh.net\/?page_id=35"},"modified":"2026-02-27T15:35:44","modified_gmt":"2026-02-27T15:35:44","slug":"coaching-individuel","status":"publish","type":"page","link":"https:\/\/asgougeon.com\/index.php\/coaching-individuel\/","title":{"rendered":"Coaching Individuel"},"content":{"rendered":"\t\t<div data-elementor-type=\"wp-page\" data-elementor-id=\"35\" class=\"elementor elementor-35\" data-elementor-post-type=\"page\">\n\t\t\t\t<div class=\"elementor-element elementor-element-39fed5a e-flex e-con-boxed e-con e-parent\" data-id=\"39fed5a\" data-element_type=\"container\" data-e-type=\"container\">\n\t\t\t\t\t<div class=\"e-con-inner\">\n\t\t<div class=\"elementor-element elementor-element-936c04b e-con-full e-flex e-con e-child\" data-id=\"936c04b\" data-element_type=\"container\" data-e-type=\"container\">\n\t\t\t\t<div class=\"elementor-element elementor-element-4939923 elementor-widget elementor-widget-heading\" data-id=\"4939923\" data-element_type=\"widget\" data-e-type=\"widget\" data-widget_type=\"heading.default\">\n\t\t\t\t\t<h1 class=\"elementor-heading-title elementor-size-default\">COACHING INDIVIDUEL &amp; LEADERSHIP<\/h1>\t\t\t\t<\/div>\n\t\t\t\t<\/div>\n\t\t<div class=\"elementor-element elementor-element-1c05656 e-con-full elementor-hidden-tablet elementor-hidden-mobile e-flex e-con e-child\" data-id=\"1c05656\" data-element_type=\"container\" data-e-type=\"container\">\n\t\t\t\t<\/div>\n\t\t<div class=\"elementor-element elementor-element-a83452f e-con-full e-flex e-con e-child\" data-id=\"a83452f\" data-element_type=\"container\" data-e-type=\"container\">\n\t\t\t\t<div class=\"elementor-element elementor-element-5931724 elementor-widget elementor-widget-text-editor\" data-id=\"5931724\" data-element_type=\"widget\" data-e-type=\"widget\" data-widget_type=\"text-editor.default\">\n\t\t\t\t\t\t\t\t\t<p>&#8220;Ce n&#8217;est pas en regardant la lumi\u00e8re qu&#8217;on devient lumineux, mais en traversant ses ombres.&#8221;<\/p><p>Carl Gustav Jung<\/p>\t\t\t\t\t\t\t\t<\/div>\n\t\t\t\t<\/div>\n\t\t\t\t\t<\/div>\n\t\t\t\t<\/div>\n\t\t<div class=\"elementor-element elementor-element-2e90be6 e-flex e-con-boxed e-con e-parent\" data-id=\"2e90be6\" data-element_type=\"container\" data-e-type=\"container\">\n\t\t\t\t\t<div class=\"e-con-inner\">\n\t\t<div class=\"elementor-element elementor-element-40005c7 e-con-full e-flex e-con e-child\" data-id=\"40005c7\" data-element_type=\"container\" data-e-type=\"container\">\n\t\t\t\t<div class=\"elementor-element elementor-element-518d59e elementor-widget elementor-widget-heading\" data-id=\"518d59e\" data-element_type=\"widget\" data-e-type=\"widget\" data-widget_type=\"heading.default\">\n\t\t\t\t\t<h2 class=\"elementor-heading-title elementor-size-default\">Dirigeants, Leader,  Entrepreneurs<\/h2>\t\t\t\t<\/div>\n\t\t\t\t<div class=\"elementor-element elementor-element-eb22cde elementor-widget elementor-widget-text-editor\" data-id=\"eb22cde\" data-element_type=\"widget\" data-e-type=\"widget\" data-widget_type=\"text-editor.default\">\n\t\t\t\t\t\t\t\t\t<p>Vous portez une vision, vous prenez des d\u00e9cisions strat\u00e9giques, vous g\u00e9rez des \u00e9quipes dans un environnement complexe. Votre efficacit\u00e9 ne d\u00e9pend pas seulement de vos comp\u00e9tences techniques, mais de votre capacit\u00e9 \u00e0 rester align\u00e9 avec vos valeurs et \u00e0 d\u00e9velopper votre leadership authentique.<\/p>\t\t\t\t\t\t\t\t<\/div>\n\t\t\t\t<\/div>\n\t\t<div class=\"elementor-element elementor-element-c0bc01a e-con-full e-flex e-con e-child\" data-id=\"c0bc01a\" data-element_type=\"container\" data-e-type=\"container\">\n\t\t\t\t<div class=\"elementor-element elementor-element-15fc385 elementor-widget__width-initial elementor-widget elementor-widget-image\" data-id=\"15fc385\" data-element_type=\"widget\" data-e-type=\"widget\" data-widget_type=\"image.default\">\n\t\t\t\t\t\t\t\t\t\t\t\t\t\t\t<img fetchpriority=\"high\" decoding=\"async\" width=\"800\" height=\"450\" src=\"https:\/\/asgougeon.com\/wp-content\/uploads\/2026\/02\/Leadership-1024x576.png\" class=\"attachment-large size-large wp-image-209\" alt=\"\" srcset=\"https:\/\/asgougeon.com\/wp-content\/uploads\/2026\/02\/Leadership-1024x576.png 1024w, https:\/\/asgougeon.com\/wp-content\/uploads\/2026\/02\/Leadership-300x169.png 300w, https:\/\/asgougeon.com\/wp-content\/uploads\/2026\/02\/Leadership-768x432.png 768w, https:\/\/asgougeon.com\/wp-content\/uploads\/2026\/02\/Leadership-1536x864.png 1536w, https:\/\/asgougeon.com\/wp-content\/uploads\/2026\/02\/Leadership.png 1920w\" sizes=\"(max-width: 800px) 100vw, 800px\" \/>\t\t\t\t\t\t\t\t\t\t\t\t\t\t\t<\/div>\n\t\t\t\t<\/div>\n\t\t\t\t\t<\/div>\n\t\t\t\t<\/div>\n\t\t<div class=\"elementor-element elementor-element-c19133a e-flex e-con-boxed e-con e-parent\" data-id=\"c19133a\" data-element_type=\"container\" data-e-type=\"container\">\n\t\t\t\t\t<div class=\"e-con-inner\">\n\t\t<div class=\"elementor-element elementor-element-45619df e-con-full e-flex e-con e-child\" data-id=\"45619df\" data-element_type=\"container\" data-e-type=\"container\">\n\t\t<div class=\"elementor-element elementor-element-64b546c e-con-full e-flex e-con e-child\" data-id=\"64b546c\" data-element_type=\"container\" data-e-type=\"container\">\n\t\t\t\t<div class=\"elementor-element elementor-element-1ba947e elementor-widget elementor-widget-heading\" data-id=\"1ba947e\" data-element_type=\"widget\" data-e-type=\"widget\" data-widget_type=\"heading.default\">\n\t\t\t\t\t<h2 class=\"elementor-heading-title elementor-size-default\">Un accompagnement cibl\u00e9 sur vos enjeux<\/h2>\t\t\t\t<\/div>\n\t\t\t\t<\/div>\n\t\t\t\t<div class=\"elementor-element elementor-element-95a042e elementor-widget elementor-widget-text-editor\" data-id=\"95a042e\" data-element_type=\"widget\" data-e-type=\"widget\" data-widget_type=\"text-editor.default\">\n\t\t\t\t\t\t\t\t\tLes transformations durables se produisent quand vous identifiez pr\u00e9cis\u00e9ment ce qui limite votre impact et que vous d\u00e9veloppez de nouvelles capacit\u00e9s d&#8217;action.\t\t\t\t\t\t\t\t<\/div>\n\t\t\t\t<\/div>\n\t\t\t\t\t<\/div>\n\t\t\t\t<\/div>\n\t\t<div class=\"elementor-element elementor-element-743854d e-flex e-con-boxed e-con e-parent\" data-id=\"743854d\" data-element_type=\"container\" data-e-type=\"container\" data-settings=\"{&quot;background_background&quot;:&quot;classic&quot;}\">\n\t\t\t\t\t<div class=\"e-con-inner\">\n\t\t<div class=\"elementor-element elementor-element-1a3329f e-con-full e-flex e-con e-child\" data-id=\"1a3329f\" data-element_type=\"container\" data-e-type=\"container\">\n\t\t\t\t<div class=\"elementor-element elementor-element-c3719f0 elementor-widget elementor-widget-heading\" data-id=\"c3719f0\" data-element_type=\"widget\" data-e-type=\"widget\" data-widget_type=\"heading.default\">\n\t\t\t\t\t<h2 class=\"elementor-heading-title elementor-size-default\">Situations <br>d'accompagnement<\/h2>\t\t\t\t<\/div>\n\t\t\t\t<\/div>\n\t\t<div class=\"elementor-element elementor-element-60aad01 e-con-full e-flex e-con e-child\" data-id=\"60aad01\" data-element_type=\"container\" data-e-type=\"container\">\n\t\t<div class=\"elementor-element elementor-element-d48cb95 e-con-full e-flex e-con e-child\" data-id=\"d48cb95\" data-element_type=\"container\" data-e-type=\"container\">\n\t\t\t\t<div class=\"elementor-element elementor-element-841b5c3 elementor-widget elementor-widget-text-editor\" data-id=\"841b5c3\" data-element_type=\"widget\" data-e-type=\"widget\" data-widget_type=\"text-editor.default\">\n\t\t\t\t\t\t\t\t\t<p class=\"font-claude-response-body break-words whitespace-normal leading-[1.7]\"><strong>Clarifier votre strat\u00e9gie et votre vision<\/strong><br \/>D\u00e9finir une direction claire qui mobilise vos \u00e9quipes et aligne vos d\u00e9cisions<\/p><p class=\"font-claude-response-body break-words whitespace-normal leading-[1.7]\"><strong>D\u00e9passer vos blocages<\/strong><br \/>Identifier les sch\u00e9mas qui freinent votre efficacit\u00e9 et d\u00e9velopper de nouveaux modes de fonctionnement<\/p><p class=\"font-claude-response-body break-words whitespace-normal leading-[1.7]\"><strong>Renforcer votre impact de leader<\/strong><br \/>D\u00e9velopper votre capacit\u00e9 \u00e0 mobiliser, influencer et faire adh\u00e9rer<\/p><p class=\"font-claude-response-body break-words whitespace-normal leading-[1.7]\"><strong>R\u00e9ussir vos transitions professionnelles<\/strong><br \/>Prise de poste, changement de fonction, repositionnement strat\u00e9gique<\/p>\t\t\t\t\t\t\t\t<\/div>\n\t\t\t\t<\/div>\n\t\t\t\t<\/div>\n\t\t\t\t\t<\/div>\n\t\t\t\t<\/div>\n\t\t<div class=\"elementor-element elementor-element-448a2d1 e-flex e-con-boxed e-con e-parent\" data-id=\"448a2d1\" data-element_type=\"container\" data-e-type=\"container\" data-settings=\"{&quot;background_background&quot;:&quot;classic&quot;}\">\n\t\t\t\t\t<div class=\"e-con-inner\">\n\t\t<div class=\"elementor-element elementor-element-76f0945 e-con-full e-flex e-con e-child\" data-id=\"76f0945\" data-element_type=\"container\" data-e-type=\"container\">\n\t\t<div class=\"elementor-element elementor-element-00f3f7b e-con-full e-flex e-con e-child\" data-id=\"00f3f7b\" data-element_type=\"container\" data-e-type=\"container\">\n\t\t\t\t<div class=\"elementor-element elementor-element-af4b383 elementor-widget elementor-widget-heading\" data-id=\"af4b383\" data-element_type=\"widget\" data-e-type=\"widget\" data-widget_type=\"heading.default\">\n\t\t\t\t\t<h2 class=\"elementor-heading-title elementor-size-default\">La m\u00e9thode<\/h2>\t\t\t\t<\/div>\n\t\t\t\t<div class=\"elementor-element elementor-element-4091fe6 elementor-widget elementor-widget-text-editor\" data-id=\"4091fe6\" data-element_type=\"widget\" data-e-type=\"widget\" data-widget_type=\"text-editor.default\">\n\t\t\t\t\t\t\t\t\t<p class=\"font-claude-response-body break-words whitespace-normal leading-[1.7]\"><strong>Clarifier ce qui est en jeu<\/strong><br \/>Identifier vos d\u00e9fis r\u00e9els, au-del\u00e0 des sympt\u00f4mes. O\u00f9 sont vos v\u00e9ritables leviers d&#8217;action ?<\/p><p class=\"font-claude-response-body break-words whitespace-normal leading-[1.7]\"><strong>Explorer vos zones aveugles<\/strong><br \/>Ce qui limite votre impact se trouve souvent dans ce que vous ne voyez pas : croyances implicites, r\u00e9flexes automatiques, angles morts relationnels.<\/p><p class=\"font-claude-response-body break-words whitespace-normal leading-[1.7]\"><strong>Exp\u00e9rimenter de nouvelles pratiques<\/strong><br \/>Entre les s\u00e9ances, vous testez de nouveaux comportements. Nous analysons ce qui fonctionne, ajustons, jusqu&#8217;\u00e0 ce que \u00e7a devienne naturel.<\/p><p class=\"font-claude-response-body break-words whitespace-normal leading-[1.7]\"><strong>Une d\u00e9marche int\u00e9grative<\/strong><br \/>Ma pratique s&#8217;inspire de la Gestalt, l&#8217;Analyse Transactionnelle, la PNL, l&#8217;approche syst\u00e9mique, le Processwork, l&#8217;IFS&#8230;. Cette diversit\u00e9 me permet d&#8217;adapter l&#8217;accompagnement \u00e0 vos enjeux sp\u00e9cifiques, en reliant action op\u00e9rationnelle et transformation en profondeur.<\/p>\t\t\t\t\t\t\t\t<\/div>\n\t\t\t\t<\/div>\n\t\t<div class=\"elementor-element elementor-element-d221437 e-con-full e-flex e-con e-child\" data-id=\"d221437\" data-element_type=\"container\" data-e-type=\"container\">\n\t\t\t\t<div class=\"elementor-element elementor-element-d3f3bc2 elementor-widget elementor-widget-text-editor\" data-id=\"d3f3bc2\" data-element_type=\"widget\" data-e-type=\"widget\" data-widget_type=\"text-editor.default\">\n\t\t\t\t\t\t\t\t\t<p><strong>Format :<\/strong><br \/>S\u00e9ances de 1h30-2h en visio ou pr\u00e9sentiel<br \/>Rythme adapt\u00e9 \u00e0 vos besoins (hebdomadaire, bimensuel)<br \/><strong>Dur\u00e9e d&#8217;accompagnement :<\/strong> G\u00e9n\u00e9ralement 3 \u00e0 6 mois\u00a0<\/p>\t\t\t\t\t\t\t\t<\/div>\n\t\t\t\t<\/div>\n\t\t<div class=\"elementor-element elementor-element-4493780 e-con-full e-flex e-con e-child\" data-id=\"4493780\" data-element_type=\"container\" data-e-type=\"container\">\n\t\t\t\t<\/div>\n\t\t\t\t<\/div>\n\t\t<div class=\"elementor-element elementor-element-f060149 e-con-full e-flex e-con e-child\" data-id=\"f060149\" data-element_type=\"container\" data-e-type=\"container\">\n\t\t\t\t<div class=\"elementor-element elementor-element-ed61906 elementor-widget__width-initial elementor-absolute elementor-widget elementor-widget-image\" data-id=\"ed61906\" data-element_type=\"widget\" data-e-type=\"widget\" data-settings=\"{&quot;_position&quot;:&quot;absolute&quot;}\" data-widget_type=\"image.default\">\n\t\t\t\t\t\t\t\t\t\t\t\t\t\t\t<img decoding=\"async\" width=\"800\" height=\"450\" src=\"https:\/\/asgougeon.com\/wp-content\/uploads\/2026\/02\/coaching-indiv-1-1024x576.jpg\" class=\"attachment-large size-large wp-image-359\" alt=\"\" srcset=\"https:\/\/asgougeon.com\/wp-content\/uploads\/2026\/02\/coaching-indiv-1-1024x576.jpg 1024w, https:\/\/asgougeon.com\/wp-content\/uploads\/2026\/02\/coaching-indiv-1-300x169.jpg 300w, https:\/\/asgougeon.com\/wp-content\/uploads\/2026\/02\/coaching-indiv-1-768x432.jpg 768w, https:\/\/asgougeon.com\/wp-content\/uploads\/2026\/02\/coaching-indiv-1-1536x864.jpg 1536w, https:\/\/asgougeon.com\/wp-content\/uploads\/2026\/02\/coaching-indiv-1.jpg 1920w\" sizes=\"(max-width: 800px) 100vw, 800px\" \/>\t\t\t\t\t\t\t\t\t\t\t\t\t\t\t<\/div>\n\t\t\t\t<\/div>\n\t\t\t\t\t<\/div>\n\t\t\t\t<\/div>\n\t\t<div class=\"elementor-element elementor-element-30e4e9d e-flex e-con-boxed e-con e-parent\" data-id=\"30e4e9d\" data-element_type=\"container\" data-e-type=\"container\">\n\t\t\t\t\t<div class=\"e-con-inner\">\n\t\t\t\t\t<\/div>\n\t\t\t\t<\/div>\n\t\t\t\t<\/div>\n\t\t","protected":false},"excerpt":{"rendered":"<p>COACHING INDIVIDUEL &amp; LEADERSHIP &#8220;Ce n&#8217;est pas en regardant la lumi\u00e8re qu&#8217;on devient lumineux, mais en traversant ses ombres.&#8221; Carl Gustav Jung Dirigeants, Leader, Entrepreneurs Vous portez une vision, vous prenez des d\u00e9cisions strat\u00e9giques, vous g\u00e9rez des \u00e9quipes dans un environnement complexe. Votre efficacit\u00e9 ne d\u00e9pend pas seulement de vos comp\u00e9tences techniques, mais de votre [&hellip;]<\/p>\n","protected":false},"author":1,"featured_media":0,"parent":0,"menu_order":0,"comment_status":"closed","ping_status":"closed","template":"","meta":{"footnotes":""},"class_list":["post-35","page","type-page","status-publish","hentry"],"_links":{"self":[{"href":"https:\/\/asgougeon.com\/index.php\/wp-json\/wp\/v2\/pages\/35","targetHints":{"allow":["GET"]}}],"collection":[{"href":"https:\/\/asgougeon.com\/index.php\/wp-json\/wp\/v2\/pages"}],"about":[{"href":"https:\/\/asgougeon.com\/index.php\/wp-json\/wp\/v2\/types\/page"}],"author":[{"embeddable":true,"href":"https:\/\/asgougeon.com\/index.php\/wp-json\/wp\/v2\/users\/1"}],"replies":[{"embeddable":true,"href":"https:\/\/asgougeon.com\/index.php\/wp-json\/wp\/v2\/comments?post=35"}],"version-history":[{"count":124,"href":"https:\/\/asgougeon.com\/index.php\/wp-json\/wp\/v2\/pages\/35\/revisions"}],"predecessor-version":[{"id":509,"href":"https:\/\/asgougeon.com\/index.php\/wp-json\/wp\/v2\/pages\/35\/revisions\/509"}],"wp:attachment":[{"href":"https:\/\/asgougeon.com\/index.php\/wp-json\/wp\/v2\/media?parent=35"}],"curies":[{"name":"wp","href":"https:\/\/api.w.org\/{rel}","templated":true}]}}