{"id":114,"date":"2026-02-02T15:24:24","date_gmt":"2026-02-02T15:24:24","guid":{"rendered":"https:\/\/asgougeon.com\/?page_id=114"},"modified":"2026-03-24T13:29:04","modified_gmt":"2026-03-24T13:29:04","slug":"mon-parcours-2","status":"publish","type":"page","link":"https:\/\/asgougeon.com\/index.php\/mon-parcours-2\/","title":{"rendered":"Qui je suis?"},"content":{"rendered":"\t\t<div data-elementor-type=\"wp-page\" data-elementor-id=\"114\" class=\"elementor elementor-114\" data-elementor-post-type=\"page\">\n\t\t\t\t<div class=\"elementor-element elementor-element-801df56 e-flex e-con-boxed e-con e-parent\" data-id=\"801df56\" data-element_type=\"container\" data-e-type=\"container\">\n\t\t\t\t\t<div class=\"e-con-inner\">\n\t\t<div class=\"elementor-element elementor-element-7b81ecb e-con-full e-flex e-con e-child\" data-id=\"7b81ecb\" data-element_type=\"container\" data-e-type=\"container\">\n\t\t\t\t<div class=\"elementor-element elementor-element-518d59e elementor-widget elementor-widget-heading\" data-id=\"518d59e\" data-element_type=\"widget\" data-e-type=\"widget\" data-widget_type=\"heading.default\">\n\t\t\t\t\t<h2 class=\"elementor-heading-title elementor-size-default\">L'esprit du voyageur au service de la transformation<\/h2>\t\t\t\t<\/div>\n\t\t\t\t<div class=\"elementor-element elementor-element-eb22cde elementor-widget elementor-widget-text-editor\" data-id=\"eb22cde\" data-element_type=\"widget\" data-e-type=\"widget\" data-widget_type=\"text-editor.default\">\n\t\t\t\t\t\t\t\t\t<p>Transformer une organisation, c&#8217;est comme entreprendre un voyage en territoire inconnu. Mes 15 ans d&#8217;exp\u00e9rience internationale m&#8217;ont enseign\u00e9 que les meilleures transformations naissent d&#8217;une posture de voyageur : curiosit\u00e9 pour ce qui est diff\u00e9rent, humilit\u00e9 face \u00e0 la complexit\u00e9, capacit\u00e9 \u00e0 s&#8217;enrichir des diversit\u00e9s plut\u00f4t qu&#8217;\u00e0 les combattre.<\/p>\t\t\t\t\t\t\t\t<\/div>\n\t\t\t\t<\/div>\n\t\t<div class=\"elementor-element elementor-element-11f9674 e-con-full e-flex e-con e-child\" data-id=\"11f9674\" data-element_type=\"container\" data-e-type=\"container\">\n\t\t\t\t<div class=\"elementor-element elementor-element-4fe5c3d elementor-widget elementor-widget-text-editor\" data-id=\"4fe5c3d\" data-element_type=\"widget\" data-e-type=\"widget\" data-widget_type=\"text-editor.default\">\n\t\t\t\t\t\t\t\t\t<p style=\"text-align: center;\">\u00a0<\/p><p>&#8220;Chaque langue apprise, chaque immersion dans une culture diff\u00e9rente m&#8217;a oblig\u00e9e \u00e0 d\u00e9construire ce que je croyais \u00e9vident. C&#8217;est l\u00e0 que j&#8217;ai compris ce que &#8216;transformer&#8217; voulait vraiment dire.&#8221;<\/p>\t\t\t\t\t\t\t\t<\/div>\n\t\t\t\t<\/div>\n\t\t\t\t\t<\/div>\n\t\t\t\t<\/div>\n\t\t<div class=\"elementor-element elementor-element-29bdf81 e-flex e-con-boxed e-con e-parent\" data-id=\"29bdf81\" data-element_type=\"container\" data-e-type=\"container\">\n\t\t\t\t\t<div class=\"e-con-inner\">\n\t\t<div class=\"elementor-element elementor-element-c6dea07 e-con-full e-flex e-con e-child\" data-id=\"c6dea07\" data-element_type=\"container\" data-e-type=\"container\">\n\t\t\t\t<div class=\"elementor-element elementor-element-fe486d8 elementor-widget__width-initial elementor-widget elementor-widget-text-editor\" data-id=\"fe486d8\" data-element_type=\"widget\" data-e-type=\"widget\" data-widget_type=\"text-editor.default\">\n\t\t\t\t\t\t\t\t\t<p class=\"font-claude-response-body break-words whitespace-normal leading-[1.7]\"><strong>Ce qui m&#8217;a construite<\/strong><\/p><div class=\"tl-item\"><div><p class=\"tl-text\">Quatre langues, plusieurs pays, des \u00e9quipes multiculturelles en Europe, Am\u00e9rique latine, Asie et Am\u00e9rique du Nord. \u00c0 chaque nouvelle immersion, j&#8217;ai d\u00fb remettre en question ce que je pensais savoir \u2014 sur le travail, sur les relations, sur la fa\u00e7on dont les organisations fonctionnent vraiment. Cette capacit\u00e9 \u00e0 d\u00e9construire pour reconstruire, c&#8217;est le socle de ma pratique aujourd&#8217;hui.<\/p><\/div><\/div><div class=\"tl-item\"><div class=\"tl-tag\">Sur le terrain<\/div><div><p class=\"tl-text\">Dans une organisation internationale \u00e0 forts enjeux de transformation, je me suis int\u00e9ress\u00e9e rapidement \u00e0 la gouvernance implicite \u2014 ce qui se d\u00e9cidait vraiment, par qui, et comment. Je me suis int\u00e9ress\u00e9 \u00e0 la relation des acteurs entre eux. C&#8217;est souvent l\u00e0 que tout se joue, et c&#8217;est souvent l\u00e0 que j&#8217;interviens en premier.<\/p><\/div><\/div><div class=\"tl-item\"><div class=\"tl-tag\">Aujourd&#8217;hui<\/div><div><p class=\"tl-title\">Consultante &amp; Coach<\/p><p class=\"tl-text\">La consultante voit les syst\u00e8mes et les enjeux strat\u00e9giques. La coach voit les personnes et ce qu&#8217;elles traversent. Les deux ensemble permettent d&#8217;intervenir l\u00e0 o\u00f9 les approches uniquement techniques ou uniquement humaines ne suffisent pas.<\/p><\/div><\/div><p class=\"font-claude-response-body break-words whitespace-normal leading-[1.7]\">\u00a0<\/p>\t\t\t\t\t\t\t\t<\/div>\n\t\t\t\t<div class=\"elementor-element elementor-element-17b5513 elementor-widget__width-initial elementor-widget elementor-widget-heading\" data-id=\"17b5513\" data-element_type=\"widget\" data-e-type=\"widget\" data-widget_type=\"heading.default\">\n\t\t\t\t\t<h2 class=\"elementor-heading-title elementor-size-default\"><br><br><br><br><br><br><br><br>Parcours<\/h2>\t\t\t\t<\/div>\n\t\t\t\t<\/div>\n\t\t\t\t\t<\/div>\n\t\t\t\t<\/div>\n\t\t<div class=\"elementor-element elementor-element-7e81c83 e-flex e-con-boxed e-con e-parent\" data-id=\"7e81c83\" data-element_type=\"container\" data-e-type=\"container\" data-settings=\"{&quot;background_background&quot;:&quot;classic&quot;}\">\n\t\t\t\t\t<div class=\"e-con-inner\">\n\t\t<div class=\"elementor-element elementor-element-2692233 e-con-full e-flex e-con e-child\" data-id=\"2692233\" data-element_type=\"container\" data-e-type=\"container\">\n\t\t\t\t<div class=\"elementor-element elementor-element-24fda1a elementor-widget elementor-widget-heading\" data-id=\"24fda1a\" data-element_type=\"widget\" data-e-type=\"widget\" data-widget_type=\"heading.default\">\n\t\t\t\t\t<h2 class=\"elementor-heading-title elementor-size-default\">Un socle exigeant<\/h2>\t\t\t\t<\/div>\n\t\t\t\t<\/div>\n\t\t<div class=\"elementor-element elementor-element-d47d332 e-con-full e-flex e-con e-child\" data-id=\"d47d332\" data-element_type=\"container\" data-e-type=\"container\">\n\t\t<div class=\"elementor-element elementor-element-00d0a5c e-con-full e-flex e-con e-child\" data-id=\"00d0a5c\" data-element_type=\"container\" data-e-type=\"container\">\n\t\t\t\t<div class=\"elementor-element elementor-element-97bec38 elementor-widget elementor-widget-text-editor\" data-id=\"97bec38\" data-element_type=\"widget\" data-e-type=\"widget\" data-widget_type=\"text-editor.default\">\n\t\t\t\t\t\t\t\t\t<section class=\"certifs section\"><div class=\"container\"><div class=\"certif-grid\"><div class=\"certif-card\"><p><span class=\"certif-year\">2024<\/span><\/p><p class=\"certif-title\">Coach professionnelle certifi\u00e9e ITA<\/p><p class=\"certif-text\">Integrative Transformational Approach \u2014 certification en coaching individuel et organisationnel. Une approche qui int\u00e8gre les dimensions strat\u00e9giques, relationnelles et syst\u00e9miques de la transformation.<\/p><\/div><div class=\"certif-card\"><p><span class=\"certif-year\">2026 \u2013 2030<\/span><\/p><p class=\"certif-title\">Gestalt-praticienne (en formation)<\/p><p class=\"certif-text\">Formation longue en Gestalt psychocorporelle \u2014 une pratique qui travaille sur ce qui se passe dans la relation et dans le corps, pas seulement dans les mots. Une formation en cours qui nourrit d\u00e9j\u00e0 ma pratique.<\/p><\/div><div class=\"certif-card\"><p><span class=\"certif-year\">2017<\/span><\/p><p class=\"certif-title\">Strategic Change Management, HEC Paris<\/p><p class=\"certif-text\">Formation aux m\u00e9thodes de conduite du changement dans des contextes organisationnels complexes. Un ancrage acad\u00e9mique qui vient compl\u00e9ter l&#8217;exp\u00e9rience terrain.<\/p><\/div><div class=\"certif-card\"><p><span class=\"certif-year\">En continu<\/span><\/p><p class=\"certif-title\">Supervision &amp; travail personnel<\/p><p class=\"certif-text\">Le premier outil du coach, c&#8217;est lui-m\u00eame. Je m&#8217;engage dans une supervision r\u00e9guli\u00e8re et un accompagnement personnel actif \u2014 pour maintenir la lucidit\u00e9 et la pr\u00e9sence que mes clients m\u00e9ritent.<\/p><\/div><\/div><\/div><\/section><section class=\"temoignage section\"><div class=\"container\"><div class=\"temoignage-inner\">\u00a0<\/div><\/div><\/section>\t\t\t\t\t\t\t\t<\/div>\n\t\t\t\t<\/div>\n\t\t\t\t<\/div>\n\t\t\t\t\t<\/div>\n\t\t\t\t<\/div>\n\t\t<div class=\"elementor-element elementor-element-b459247 e-flex e-con-boxed e-con e-parent\" data-id=\"b459247\" data-element_type=\"container\" data-e-type=\"container\">\n\t\t\t\t\t<div class=\"e-con-inner\">\n\t\t<div class=\"elementor-element elementor-element-ecb6861 e-con-full e-flex e-con e-child\" data-id=\"ecb6861\" data-element_type=\"container\" data-e-type=\"container\">\n\t\t\t\t<div class=\"elementor-element elementor-element-96c58b3 elementor-widget elementor-widget-text-editor\" data-id=\"96c58b3\" data-element_type=\"widget\" data-e-type=\"widget\" data-widget_type=\"text-editor.default\">\n\t\t\t\t\t\t\t\t\t<h2>Un premier \u00e9change,<br \/><em>sans engagement<\/em><\/h2><div class=\"rule\">\u00a0<\/div><p>30 minutes pour voir si mon approche correspond \u00e0 ce que vous traversez.<\/p>\t\t\t\t\t\t\t\t<\/div>\n\t\t\t\t<div class=\"elementor-element elementor-element-a9f63a3 elementor-align-center elementor-widget elementor-widget-button\" data-id=\"a9f63a3\" data-element_type=\"widget\" data-e-type=\"widget\" data-widget_type=\"button.default\">\n\t\t\t\t\t\t\t\t\t\t<a class=\"elementor-button elementor-button-link elementor-size-sm\" href=\"https:\/\/asgougeon.com\/index.php\/contact-2\/\">\n\t\t\t\t\t\t<span class=\"elementor-button-content-wrapper\">\n\t\t\t\t\t\t\t\t\t<span class=\"elementor-button-text\">Prendre Contact<\/span>\n\t\t\t\t\t<\/span>\n\t\t\t\t\t<\/a>\n\t\t\t\t\t\t\t\t<\/div>\n\t\t\t\t<\/div>\n\t\t\t\t\t<\/div>\n\t\t\t\t<\/div>\n\t\t\t\t<\/div>\n\t\t","protected":false},"excerpt":{"rendered":"<p>L&#8217;esprit du voyageur au service de la transformation Transformer une organisation, c&#8217;est comme entreprendre un voyage en territoire inconnu. Mes 15 ans d&#8217;exp\u00e9rience internationale m&#8217;ont enseign\u00e9 que les meilleures transformations naissent d&#8217;une posture de voyageur : curiosit\u00e9 pour ce qui est diff\u00e9rent, humilit\u00e9 face \u00e0 la complexit\u00e9, capacit\u00e9 \u00e0 s&#8217;enrichir des diversit\u00e9s plut\u00f4t qu&#8217;\u00e0 les [&hellip;]<\/p>\n","protected":false},"author":1,"featured_media":0,"parent":0,"menu_order":0,"comment_status":"closed","ping_status":"closed","template":"","meta":{"footnotes":""},"class_list":["post-114","page","type-page","status-publish","hentry"],"_links":{"self":[{"href":"https:\/\/asgougeon.com\/index.php\/wp-json\/wp\/v2\/pages\/114","targetHints":{"allow":["GET"]}}],"collection":[{"href":"https:\/\/asgougeon.com\/index.php\/wp-json\/wp\/v2\/pages"}],"about":[{"href":"https:\/\/asgougeon.com\/index.php\/wp-json\/wp\/v2\/types\/page"}],"author":[{"embeddable":true,"href":"https:\/\/asgougeon.com\/index.php\/wp-json\/wp\/v2\/users\/1"}],"replies":[{"embeddable":true,"href":"https:\/\/asgougeon.com\/index.php\/wp-json\/wp\/v2\/comments?post=114"}],"version-history":[{"count":91,"href":"https:\/\/asgougeon.com\/index.php\/wp-json\/wp\/v2\/pages\/114\/revisions"}],"predecessor-version":[{"id":600,"href":"https:\/\/asgougeon.com\/index.php\/wp-json\/wp\/v2\/pages\/114\/revisions\/600"}],"wp:attachment":[{"href":"https:\/\/asgougeon.com\/index.php\/wp-json\/wp\/v2\/media?parent=114"}],"curies":[{"name":"wp","href":"https:\/\/api.w.org\/{rel}","templated":true}]}}