{"id":108,"date":"2026-02-02T15:12:57","date_gmt":"2026-02-02T15:12:57","guid":{"rendered":"https:\/\/asgougeon.com\/?page_id=108"},"modified":"2026-02-27T15:54:43","modified_gmt":"2026-02-27T15:54:43","slug":"formaction","status":"publish","type":"page","link":"https:\/\/asgougeon.com\/index.php\/formaction\/","title":{"rendered":"Form\u2019Action"},"content":{"rendered":"\t\t<div data-elementor-type=\"wp-page\" data-elementor-id=\"108\" class=\"elementor elementor-108\" data-elementor-post-type=\"page\">\n\t\t\t\t<div class=\"elementor-element elementor-element-39fed5a e-flex e-con-boxed e-con e-parent\" data-id=\"39fed5a\" data-element_type=\"container\" data-e-type=\"container\">\n\t\t\t\t\t<div class=\"e-con-inner\">\n\t\t<div class=\"elementor-element elementor-element-936c04b e-con-full e-flex e-con e-child\" data-id=\"936c04b\" data-element_type=\"container\" data-e-type=\"container\">\n\t\t\t\t<div class=\"elementor-element elementor-element-4939923 elementor-widget elementor-widget-heading\" data-id=\"4939923\" data-element_type=\"widget\" data-e-type=\"widget\" data-widget_type=\"heading.default\">\n\t\t\t\t\t<h1 class=\"elementor-heading-title elementor-size-default\">FORM'ACTION<\/h1>\t\t\t\t<\/div>\n\t\t\t\t<\/div>\n\t\t<div class=\"elementor-element elementor-element-1c05656 e-con-full elementor-hidden-tablet elementor-hidden-mobile e-flex e-con e-child\" data-id=\"1c05656\" data-element_type=\"container\" data-e-type=\"container\">\n\t\t\t\t<\/div>\n\t\t<div class=\"elementor-element elementor-element-a83452f e-con-full e-flex e-con e-child\" data-id=\"a83452f\" data-element_type=\"container\" data-e-type=\"container\">\n\t\t\t\t<div class=\"elementor-element elementor-element-fb6d531 elementor-widget elementor-widget-text-editor\" data-id=\"fb6d531\" data-element_type=\"widget\" data-e-type=\"widget\" data-widget_type=\"text-editor.default\">\n\t\t\t\t\t\t\t\t\t<p><em>&#8220;Aucun de nous ne sait ce que nous savons tous, ensemble.&#8221;<\/em><br \/>Euripide<\/p>\t\t\t\t\t\t\t\t<\/div>\n\t\t\t\t<\/div>\n\t\t\t\t\t<\/div>\n\t\t\t\t<\/div>\n\t\t<div class=\"elementor-element elementor-element-14d7af5 e-flex e-con-boxed e-con e-parent\" data-id=\"14d7af5\" data-element_type=\"container\" data-e-type=\"container\" data-settings=\"{&quot;background_background&quot;:&quot;classic&quot;}\">\n\t\t\t\t\t<div class=\"e-con-inner\">\n\t\t<div class=\"elementor-element elementor-element-544b710 e-con-full e-flex e-con e-child\" data-id=\"544b710\" data-element_type=\"container\" data-e-type=\"container\">\n\t\t\t\t<div class=\"elementor-element elementor-element-518d59e elementor-widget elementor-widget-heading\" data-id=\"518d59e\" data-element_type=\"widget\" data-e-type=\"widget\" data-widget_type=\"heading.default\">\n\t\t\t\t\t<h2 class=\"elementor-heading-title elementor-size-default\">Apprendre par l'action collective pour transformer vos pratiques<\/h2>\t\t\t\t<\/div>\n\t\t\t\t<div class=\"elementor-element elementor-element-eb22cde elementor-widget elementor-widget-text-editor\" data-id=\"eb22cde\" data-element_type=\"widget\" data-e-type=\"widget\" data-widget_type=\"text-editor.default\">\n\t\t\t\t\t\t\t\t\t<p class=\"font-claude-response-body break-words whitespace-normal leading-[1.7]\">La Form&#8217;Action, ce n&#8217;est pas une formation classique o\u00f9 on vous parle pendant deux jours. C&#8217;est un format d&#8217;apprentissage o\u00f9 vous d\u00e9veloppez vos comp\u00e9tences en les exp\u00e9rimentant directement, avec le regard et les retours du groupe.<\/p><p class=\"font-claude-response-body break-words whitespace-normal leading-[1.7]\">Ici, vous ne notez pas des slides. Vous agissez, vous ajustez, vous progressez. Le groupe devient votre miroir et votre levier.<\/p>\t\t\t\t\t\t\t\t<\/div>\n\t\t\t\t<\/div>\n\t\t<div class=\"elementor-element elementor-element-063ee68 e-con-full elementor-hidden-tablet elementor-hidden-mobile e-flex e-con e-child\" data-id=\"063ee68\" data-element_type=\"container\" data-e-type=\"container\">\n\t\t\t\t<div class=\"elementor-element elementor-element-ab0b85e elementor-widget elementor-widget-image\" data-id=\"ab0b85e\" data-element_type=\"widget\" data-e-type=\"widget\" data-widget_type=\"image.default\">\n\t\t\t\t\t\t\t\t\t\t\t\t\t\t\t<img fetchpriority=\"high\" decoding=\"async\" width=\"800\" height=\"450\" src=\"https:\/\/asgougeon.com\/wp-content\/uploads\/2026\/02\/Formation-1024x576.jpg\" class=\"attachment-large size-large wp-image-201\" alt=\"\" srcset=\"https:\/\/asgougeon.com\/wp-content\/uploads\/2026\/02\/Formation-1024x576.jpg 1024w, https:\/\/asgougeon.com\/wp-content\/uploads\/2026\/02\/Formation-300x169.jpg 300w, https:\/\/asgougeon.com\/wp-content\/uploads\/2026\/02\/Formation-768x432.jpg 768w, https:\/\/asgougeon.com\/wp-content\/uploads\/2026\/02\/Formation-1536x864.jpg 1536w, https:\/\/asgougeon.com\/wp-content\/uploads\/2026\/02\/Formation.jpg 1920w\" sizes=\"(max-width: 800px) 100vw, 800px\" \/>\t\t\t\t\t\t\t\t\t\t\t\t\t\t\t<\/div>\n\t\t\t\t<\/div>\n\t\t<div class=\"elementor-element elementor-element-196eb89 e-con-full elementor-hidden-tablet elementor-hidden-mobile e-flex e-con e-child\" data-id=\"196eb89\" data-element_type=\"container\" data-e-type=\"container\">\n\t\t\t\t<div class=\"elementor-element elementor-element-b1a6185 elementor-widget elementor-widget-image\" data-id=\"b1a6185\" data-element_type=\"widget\" data-e-type=\"widget\" data-widget_type=\"image.default\">\n\t\t\t\t\t\t\t\t\t\t\t\t\t\t\t<img decoding=\"async\" width=\"800\" height=\"450\" src=\"https:\/\/asgougeon.com\/wp-content\/uploads\/2026\/02\/Copie-de-Lever-les-blocages-relationnels-et-humains-pour-reussir-vos-projets-strategiques-1024x576.jpg\" class=\"attachment-large size-large wp-image-202\" alt=\"\" srcset=\"https:\/\/asgougeon.com\/wp-content\/uploads\/2026\/02\/Copie-de-Lever-les-blocages-relationnels-et-humains-pour-reussir-vos-projets-strategiques-1024x576.jpg 1024w, https:\/\/asgougeon.com\/wp-content\/uploads\/2026\/02\/Copie-de-Lever-les-blocages-relationnels-et-humains-pour-reussir-vos-projets-strategiques-300x169.jpg 300w, https:\/\/asgougeon.com\/wp-content\/uploads\/2026\/02\/Copie-de-Lever-les-blocages-relationnels-et-humains-pour-reussir-vos-projets-strategiques-768x432.jpg 768w, https:\/\/asgougeon.com\/wp-content\/uploads\/2026\/02\/Copie-de-Lever-les-blocages-relationnels-et-humains-pour-reussir-vos-projets-strategiques-1536x864.jpg 1536w, https:\/\/asgougeon.com\/wp-content\/uploads\/2026\/02\/Copie-de-Lever-les-blocages-relationnels-et-humains-pour-reussir-vos-projets-strategiques.jpg 1920w\" sizes=\"(max-width: 800px) 100vw, 800px\" \/>\t\t\t\t\t\t\t\t\t\t\t\t\t\t\t<\/div>\n\t\t\t\t<\/div>\n\t\t<div class=\"elementor-element elementor-element-b8c5754 e-con-full e-flex e-con e-child\" data-id=\"b8c5754\" data-element_type=\"container\" data-e-type=\"container\">\n\t\t\t\t<div class=\"elementor-element elementor-element-1ba947e elementor-widget elementor-widget-heading\" data-id=\"1ba947e\" data-element_type=\"widget\" data-e-type=\"widget\" data-widget_type=\"heading.default\">\n\t\t\t\t\t<h2 class=\"elementor-heading-title elementor-size-default\">Comment \u00e7a fonctionne ?<\/h2>\t\t\t\t<\/div>\n\t\t\t\t<div class=\"elementor-element elementor-element-95a042e elementor-widget elementor-widget-text-editor\" data-id=\"95a042e\" data-element_type=\"widget\" data-e-type=\"widget\" data-widget_type=\"text-editor.default\">\n\t\t\t\t\t\t\t\t\t<p><strong>Vous exp\u00e9rimentez sur vos vrais enjeux<\/strong>\nChaque concept est mis en pratique dans des situations concr\u00e8tes inspir\u00e9es de votre r\u00e9alit\u00e9.<\/p>\n<p class=\"font-claude-response-body break-words whitespace-normal leading-[1.7]\" style=\"text-align: center;\"><strong>Le groupe vous donne des retours en direct<\/strong>\nCe que vous ne voyez pas, le groupe le voit. Ce qui coince, il le nomme. Ce qui marche, il le renforce, avec bienveillance et exigence.<\/p>\n<p class=\"font-claude-response-body break-words whitespace-normal leading-[1.7]\" style=\"text-align: center;\"><strong>Vous repartez avec des outils actionnables<\/strong>\nVous avez des pratiques concr\u00e8tes, test\u00e9es, ajust\u00e9es \u00e0 votre contexte.<\/p>\t\t\t\t\t\t\t\t<\/div>\n\t\t\t\t<\/div>\n\t\t\t\t\t<\/div>\n\t\t\t\t<\/div>\n\t\t<div class=\"elementor-element elementor-element-743854d e-flex e-con-boxed e-con e-parent\" data-id=\"743854d\" data-element_type=\"container\" data-e-type=\"container\" data-settings=\"{&quot;background_background&quot;:&quot;classic&quot;}\">\n\t\t\t\t\t<div class=\"e-con-inner\">\n\t\t<div class=\"elementor-element elementor-element-1a3329f e-con-full e-flex e-con e-child\" data-id=\"1a3329f\" data-element_type=\"container\" data-e-type=\"container\">\n\t\t\t\t<div class=\"elementor-element elementor-element-c3719f0 elementor-widget elementor-widget-heading\" data-id=\"c3719f0\" data-element_type=\"widget\" data-e-type=\"widget\" data-widget_type=\"heading.default\">\n\t\t\t\t\t<h2 class=\"elementor-heading-title elementor-size-default\">Th\u00e9matiques disponibles<\/h2>\t\t\t\t<\/div>\n\t\t\t\t<\/div>\n\t\t<div class=\"elementor-element elementor-element-60aad01 e-con-full e-flex e-con e-child\" data-id=\"60aad01\" data-element_type=\"container\" data-e-type=\"container\">\n\t\t<div class=\"elementor-element elementor-element-d48cb95 e-con-full e-flex e-con e-child\" data-id=\"d48cb95\" data-element_type=\"container\" data-e-type=\"container\">\n\t\t\t\t<div class=\"elementor-element elementor-element-841b5c3 elementor-widget elementor-widget-text-editor\" data-id=\"841b5c3\" data-element_type=\"widget\" data-e-type=\"widget\" data-widget_type=\"text-editor.default\">\n\t\t\t\t\t\t\t\t\t<ul><li><p class=\"font-claude-response-body break-words whitespace-normal leading-[1.7]\"><strong>Leadership et posture manag\u00e9riale<\/strong><br \/>Comment trouver l\u2019\u00e9quilibre entre fermet\u00e9 et relation ?<br data-start=\"360\" data-end=\"363\" \/>Comment affirmer votre place sans surjouer l\u2019autorit\u00e9 ?<br data-start=\"422\" data-end=\"425\" \/>Vous clarifiez votre posture et d\u00e9veloppez une autorit\u00e9 juste, align\u00e9e et naturelle.<\/p><\/li><li><p class=\"font-claude-response-body break-words whitespace-normal leading-[1.7]\"><strong>Prise de parole impactante<\/strong><br \/>Comment captiver une salle sans perdre la moiti\u00e9 de votre auditoire d\u00e8s la slide 3 ? Vous travaillez votre pr\u00e9sence, votre impact, votre capacit\u00e9 \u00e0 embarquer.<\/p><\/li><li><p class=\"font-claude-response-body break-words whitespace-normal leading-[1.7]\"><strong>Naviguer dans l&#8217;incertitude<\/strong><br \/>Comment piloter quand personne ne sait o\u00f9 on va ? Quel leadership adopter quand les rep\u00e8res habituels ne fonctionnent plus ? Vous d\u00e9veloppez votre capacit\u00e9 \u00e0 tenir le cap dans le brouillard.<\/p><\/li><li><strong>Manager avec les outils du coaching<\/strong><br \/>Comment passer du mode directif au mode accompagnant, sans perdre en efficacit\u00e9 ? Vous int\u00e9grez des postures et outils du coaching dans votre quotidien manag\u00e9rial.<\/li><\/ul>\t\t\t\t\t\t\t\t<\/div>\n\t\t\t\t<\/div>\n\t\t\t\t<\/div>\n\t\t\t\t\t<\/div>\n\t\t\t\t<\/div>\n\t\t<div class=\"elementor-element elementor-element-448a2d1 e-flex e-con-boxed e-con e-parent\" data-id=\"448a2d1\" data-element_type=\"container\" data-e-type=\"container\" data-settings=\"{&quot;background_background&quot;:&quot;classic&quot;}\">\n\t\t\t\t\t<div class=\"e-con-inner\">\n\t\t<div class=\"elementor-element elementor-element-76f0945 e-con-full e-flex e-con e-child\" data-id=\"76f0945\" data-element_type=\"container\" data-e-type=\"container\">\n\t\t<div class=\"elementor-element elementor-element-00f3f7b e-con-full e-flex e-con e-child\" data-id=\"00f3f7b\" data-element_type=\"container\" data-e-type=\"container\">\n\t\t\t\t<div class=\"elementor-element elementor-element-4091fe6 elementor-widget__width-initial elementor-widget elementor-widget-text-editor\" data-id=\"4091fe6\" data-element_type=\"widget\" data-e-type=\"widget\" data-widget_type=\"text-editor.default\">\n\t\t\t\t\t\t\t\t\t<p><span style=\"color: #ffffff;\"><strong>FORMAT:<\/strong><\/span><\/p><p><span style=\"color: #ffffff;\"><strong>Journ\u00e9es intensives<\/strong> en groupe restreint (8-12 personnes maximum), alternant exercices pratiques, mises en situation, d\u00e9briefings et int\u00e9gration personnelle.<\/span><\/p><p><span style=\"color: #ffffff;\"><strong>Dur\u00e9e :<\/strong> 1 \u00e0 3 journ\u00e9es selon les th\u00e9matiques<\/span><br \/><span style=\"color: #ffffff;\"><strong>Public :<\/strong> Managers, dirigeants, chefs de projet, fonctions RH<\/span><\/p>\t\t\t\t\t\t\t\t<\/div>\n\t\t\t\t<\/div>\n\t\t<div class=\"elementor-element elementor-element-4493780 e-con-full e-flex e-con e-child\" data-id=\"4493780\" data-element_type=\"container\" data-e-type=\"container\">\n\t\t\t\t<div class=\"elementor-element elementor-element-9797812 elementor-widget elementor-widget-text-editor\" data-id=\"9797812\" data-element_type=\"widget\" data-e-type=\"widget\" data-widget_type=\"text-editor.default\">\n\t\t\t\t\t\t\t\t\t<p><strong>Envie d&#8217;en savoir plus ?<\/strong><br \/><a class=\"underline underline underline-offset-2 decoration-1 decoration-current\/40 hover:decoration-current focus:decoration-current\" href=\"#\">Contactez-moi pour \u00e9changer sur vos besoins<\/a><\/p>\t\t\t\t\t\t\t\t<\/div>\n\t\t\t\t<\/div>\n\t\t\t\t<\/div>\n\t\t\t\t\t<\/div>\n\t\t\t\t<\/div>\n\t\t\t\t<\/div>\n\t\t","protected":false},"excerpt":{"rendered":"<p>FORM&#8217;ACTION &#8220;Aucun de nous ne sait ce que nous savons tous, ensemble.&#8221;Euripide Apprendre par l&#8217;action collective pour transformer vos pratiques La Form&#8217;Action, ce n&#8217;est pas une formation classique o\u00f9 on vous parle pendant deux jours. C&#8217;est un format d&#8217;apprentissage o\u00f9 vous d\u00e9veloppez vos comp\u00e9tences en les exp\u00e9rimentant directement, avec le regard et les retours du [&hellip;]<\/p>\n","protected":false},"author":1,"featured_media":0,"parent":0,"menu_order":0,"comment_status":"closed","ping_status":"closed","template":"","meta":{"footnotes":""},"class_list":["post-108","page","type-page","status-publish","hentry"],"_links":{"self":[{"href":"https:\/\/asgougeon.com\/index.php\/wp-json\/wp\/v2\/pages\/108","targetHints":{"allow":["GET"]}}],"collection":[{"href":"https:\/\/asgougeon.com\/index.php\/wp-json\/wp\/v2\/pages"}],"about":[{"href":"https:\/\/asgougeon.com\/index.php\/wp-json\/wp\/v2\/types\/page"}],"author":[{"embeddable":true,"href":"https:\/\/asgougeon.com\/index.php\/wp-json\/wp\/v2\/users\/1"}],"replies":[{"embeddable":true,"href":"https:\/\/asgougeon.com\/index.php\/wp-json\/wp\/v2\/comments?post=108"}],"version-history":[{"count":41,"href":"https:\/\/asgougeon.com\/index.php\/wp-json\/wp\/v2\/pages\/108\/revisions"}],"predecessor-version":[{"id":537,"href":"https:\/\/asgougeon.com\/index.php\/wp-json\/wp\/v2\/pages\/108\/revisions\/537"}],"wp:attachment":[{"href":"https:\/\/asgougeon.com\/index.php\/wp-json\/wp\/v2\/media?parent=108"}],"curies":[{"name":"wp","href":"https:\/\/api.w.org\/{rel}","templated":true}]}}