{"id":102,"date":"2026-02-02T15:10:55","date_gmt":"2026-02-02T15:10:55","guid":{"rendered":"https:\/\/asgougeon.com\/?page_id=102"},"modified":"2026-02-27T15:51:32","modified_gmt":"2026-02-27T15:51:32","slug":"coaching-dorganisation-2","status":"publish","type":"page","link":"https:\/\/asgougeon.com\/index.php\/coaching-dorganisation-2\/","title":{"rendered":"Coaching d\u2019Organisation"},"content":{"rendered":"\t\t<div data-elementor-type=\"wp-page\" data-elementor-id=\"102\" class=\"elementor elementor-102\" data-elementor-post-type=\"page\">\n\t\t\t\t<div class=\"elementor-element elementor-element-39fed5a e-flex e-con-boxed e-con e-parent\" data-id=\"39fed5a\" data-element_type=\"container\" data-e-type=\"container\">\n\t\t\t\t\t<div class=\"e-con-inner\">\n\t\t<div class=\"elementor-element elementor-element-936c04b e-con-full e-flex e-con e-child\" data-id=\"936c04b\" data-element_type=\"container\" data-e-type=\"container\">\n\t\t\t\t<div class=\"elementor-element elementor-element-4939923 elementor-widget elementor-widget-heading\" data-id=\"4939923\" data-element_type=\"widget\" data-e-type=\"widget\" data-widget_type=\"heading.default\">\n\t\t\t\t\t<h1 class=\"elementor-heading-title elementor-size-default\">COACHING D'ORGANISATION<\/h1>\t\t\t\t<\/div>\n\t\t\t\t<\/div>\n\t\t<div class=\"elementor-element elementor-element-1c05656 e-con-full elementor-hidden-tablet elementor-hidden-mobile e-flex e-con e-child\" data-id=\"1c05656\" data-element_type=\"container\" data-e-type=\"container\">\n\t\t\t\t<\/div>\n\t\t<div class=\"elementor-element elementor-element-a83452f e-con-full e-flex e-con e-child\" data-id=\"a83452f\" data-element_type=\"container\" data-e-type=\"container\">\n\t\t\t\t<div class=\"elementor-element elementor-element-fb6d531 elementor-widget elementor-widget-text-editor\" data-id=\"fb6d531\" data-element_type=\"widget\" data-e-type=\"widget\" data-widget_type=\"text-editor.default\">\n\t\t\t\t\t\t\t\t\t&#8220;Manager une entreprise, c&#8217;est avant tout manager une communaut\u00e9 d&#8217;hommes et de femmes pour les faire coop\u00e9rer \u00e0 une oeuvre commune, dans un champ de contraintes, internes et externes tr\u00e8s diverses&#8221;\nDominique Genelot\t\t\t\t\t\t\t\t<\/div>\n\t\t\t\t<\/div>\n\t\t\t\t\t<\/div>\n\t\t\t\t<\/div>\n\t\t<div class=\"elementor-element elementor-element-14d7af5 e-flex e-con-boxed e-con e-parent\" data-id=\"14d7af5\" data-element_type=\"container\" data-e-type=\"container\" data-settings=\"{&quot;background_background&quot;:&quot;classic&quot;}\">\n\t\t\t\t\t<div class=\"e-con-inner\">\n\t\t<div class=\"elementor-element elementor-element-544b710 e-con-full e-flex e-con e-child\" data-id=\"544b710\" data-element_type=\"container\" data-e-type=\"container\">\n\t\t\t\t<div class=\"elementor-element elementor-element-518d59e elementor-widget elementor-widget-heading\" data-id=\"518d59e\" data-element_type=\"widget\" data-e-type=\"widget\" data-widget_type=\"heading.default\">\n\t\t\t\t\t<h2 class=\"elementor-heading-title elementor-size-default\">Transformer en profondeur<\/h2>\t\t\t\t<\/div>\n\t\t\t\t<div class=\"elementor-element elementor-element-eb22cde elementor-widget elementor-widget-text-editor\" data-id=\"eb22cde\" data-element_type=\"widget\" data-e-type=\"widget\" data-widget_type=\"text-editor.default\">\n\t\t\t\t\t\t\t\t\tVotre organisation a lanc\u00e9 des projets, redessin\u00e9 des processus, nomm\u00e9 de nouveaux managers. Et pourtant, les m\u00eames tensions reviennent et les r\u00e9sultats business ne sont toujours pas au rendez-vous.\n\nCe n&#8217;est pas un probl\u00e8me de strat\u00e9gie. C&#8217;est un probl\u00e8me de syst\u00e8me. Toute organisation fonctionne selon des r\u00e8gles implicites, des habitudes collectives et des dynamiques relationnelles qui ne figurent dans aucun organigramme \u2014 et qui d\u00e9terminent ce qui peut r\u00e9ellement changer.\n\nLe coaching d&#8217;organisation travaille simultan\u00e9ment sur le\u00a0<strong>QUOI<\/strong>\u00a0\u2014 votre vision, vos objectifs \u2014 et sur le\u00a0<strong>COMMENT<\/strong> \u2014 vos modes de coop\u00e9ration, vos dynamiques relationnelles, le sens que chacun donne \u00e0 ce qu&#8217;il traverse.\t\t\t\t\t\t\t\t<\/div>\n\t\t\t\t<\/div>\n\t\t<div class=\"elementor-element elementor-element-063ee68 e-con-full elementor-hidden-tablet elementor-hidden-mobile e-flex e-con e-child\" data-id=\"063ee68\" data-element_type=\"container\" data-e-type=\"container\">\n\t\t\t\t<div class=\"elementor-element elementor-element-513d481 elementor-widget elementor-widget-image\" data-id=\"513d481\" data-element_type=\"widget\" data-e-type=\"widget\" data-widget_type=\"image.default\">\n\t\t\t\t\t\t\t\t\t\t\t\t\t\t\t<img fetchpriority=\"high\" decoding=\"async\" width=\"800\" height=\"450\" src=\"https:\/\/asgougeon.com\/wp-content\/uploads\/2026\/02\/Copie-de-Lever-les-blocages-relationnels-et-humains-pour-reussir-vos-projets-strategiques-1-1024x576.jpg\" class=\"attachment-large size-large wp-image-218\" alt=\"\" srcset=\"https:\/\/asgougeon.com\/wp-content\/uploads\/2026\/02\/Copie-de-Lever-les-blocages-relationnels-et-humains-pour-reussir-vos-projets-strategiques-1-1024x576.jpg 1024w, https:\/\/asgougeon.com\/wp-content\/uploads\/2026\/02\/Copie-de-Lever-les-blocages-relationnels-et-humains-pour-reussir-vos-projets-strategiques-1-300x169.jpg 300w, https:\/\/asgougeon.com\/wp-content\/uploads\/2026\/02\/Copie-de-Lever-les-blocages-relationnels-et-humains-pour-reussir-vos-projets-strategiques-1-768x432.jpg 768w, https:\/\/asgougeon.com\/wp-content\/uploads\/2026\/02\/Copie-de-Lever-les-blocages-relationnels-et-humains-pour-reussir-vos-projets-strategiques-1-1536x864.jpg 1536w, https:\/\/asgougeon.com\/wp-content\/uploads\/2026\/02\/Copie-de-Lever-les-blocages-relationnels-et-humains-pour-reussir-vos-projets-strategiques-1.jpg 1920w\" sizes=\"(max-width: 800px) 100vw, 800px\" \/>\t\t\t\t\t\t\t\t\t\t\t\t\t\t\t<\/div>\n\t\t\t\t<\/div>\n\t\t<div class=\"elementor-element elementor-element-196eb89 e-con-full elementor-hidden-tablet elementor-hidden-mobile e-flex e-con e-child\" data-id=\"196eb89\" data-element_type=\"container\" data-e-type=\"container\">\n\t\t\t\t<\/div>\n\t\t<div class=\"elementor-element elementor-element-b8c5754 e-con-full e-flex e-con e-child\" data-id=\"b8c5754\" data-element_type=\"container\" data-e-type=\"container\">\n\t\t\t\t<div class=\"elementor-element elementor-element-1ba947e elementor-widget elementor-widget-heading\" data-id=\"1ba947e\" data-element_type=\"widget\" data-e-type=\"widget\" data-widget_type=\"heading.default\">\n\t\t\t\t\t<h2 class=\"elementor-heading-title elementor-size-default\">Les enjeux sont r\u00e9els<\/h2>\t\t\t\t<\/div>\n\t\t\t\t<div class=\"elementor-element elementor-element-95a042e elementor-widget elementor-widget-text-editor\" data-id=\"95a042e\" data-element_type=\"widget\" data-e-type=\"widget\" data-widget_type=\"text-editor.default\">\n\t\t\t\t\t\t\t\t\t<p class=\"font-claude-response-body break-words whitespace-normal leading-[1.7]\">La plupart des transformations \u00e9chouent pour des raisons humaines et organisationnelles :<\/p><ul><li><strong>70% des transformations<\/strong> n&#8217;atteignent pas leurs objectifs<\/li><li><strong>65% des synergies<\/strong> \u00e9chouent \u00e0 cause de probl\u00e8mes de coop\u00e9ration et d&#8217;alignement<\/li><li><strong>Les organisations qui r\u00e9ussissent<\/strong> sont celles qui travaillent autant sur la strat\u00e9gie que sur les dynamiques qui permettent de l&#8217;ex\u00e9cuter<\/li><\/ul>\t\t\t\t\t\t\t\t<\/div>\n\t\t\t\t<\/div>\n\t\t\t\t\t<\/div>\n\t\t\t\t<\/div>\n\t\t<div class=\"elementor-element elementor-element-743854d e-flex e-con-boxed e-con e-parent\" data-id=\"743854d\" data-element_type=\"container\" data-e-type=\"container\" data-settings=\"{&quot;background_background&quot;:&quot;classic&quot;}\">\n\t\t\t\t\t<div class=\"e-con-inner\">\n\t\t<div class=\"elementor-element elementor-element-1a3329f e-con-full e-flex e-con e-child\" data-id=\"1a3329f\" data-element_type=\"container\" data-e-type=\"container\">\n\t\t\t\t<div class=\"elementor-element elementor-element-841b5c3 elementor-widget elementor-widget-text-editor\" data-id=\"841b5c3\" data-element_type=\"widget\" data-e-type=\"widget\" data-widget_type=\"text-editor.default\">\n\t\t\t\t\t\t\t\t\t<p class=\"font-claude-response-body break-words whitespace-normal leading-[1.7]\"><strong>Fusions et acquisitions<\/strong><br \/>Aligner les cultures, clarifier la gouvernance, cr\u00e9er une identit\u00e9 commune<\/p><p class=\"font-claude-response-body break-words whitespace-normal leading-[1.7]\"><strong>Transformations strat\u00e9giques<\/strong><br \/>Nouveaux business models, digitalisation, transition vers des mod\u00e8les durables<\/p><p class=\"font-claude-response-body break-words whitespace-normal leading-[1.7]\"><strong>R\u00e9organisations<\/strong><br \/>Refondre la gouvernance, redistribuer les r\u00f4les, faire accepter les changements<\/p><p class=\"font-claude-response-body break-words whitespace-normal leading-[1.7]\"><strong>Blocages organisationnels<\/strong><br \/>Tensions si\u00e8ge-filiales, d\u00e9salignement inter-services, d\u00e9calage vision-terrain<\/p>\t\t\t\t\t\t\t\t<\/div>\n\t\t\t\t<\/div>\n\t\t<div class=\"elementor-element elementor-element-60aad01 e-con-full e-flex e-con e-child\" data-id=\"60aad01\" data-element_type=\"container\" data-e-type=\"container\">\n\t\t<div class=\"elementor-element elementor-element-d48cb95 e-con-full e-flex e-con e-child\" data-id=\"d48cb95\" data-element_type=\"container\" data-e-type=\"container\">\n\t\t\t\t<div class=\"elementor-element elementor-element-c3719f0 elementor-widget elementor-widget-heading\" data-id=\"c3719f0\" data-element_type=\"widget\" data-e-type=\"widget\" data-widget_type=\"heading.default\">\n\t\t\t\t\t<h2 class=\"elementor-heading-title elementor-size-default\"><br><br><br><br>Quand faire appel au coaching d'organisation ?<\/h2>\t\t\t\t<\/div>\n\t\t\t\t<\/div>\n\t\t\t\t<\/div>\n\t\t\t\t\t<\/div>\n\t\t\t\t<\/div>\n\t\t<div class=\"elementor-element elementor-element-414ba67 e-flex e-con-boxed e-con e-parent\" data-id=\"414ba67\" data-element_type=\"container\" data-e-type=\"container\">\n\t\t\t\t\t<div class=\"e-con-inner\">\n\t\t<div class=\"elementor-element elementor-element-f060149 e-con-full e-flex e-con e-child\" data-id=\"f060149\" data-element_type=\"container\" data-e-type=\"container\">\n\t\t\t\t<div class=\"elementor-element elementor-element-af4b383 elementor-widget elementor-widget-heading\" data-id=\"af4b383\" data-element_type=\"widget\" data-e-type=\"widget\" data-widget_type=\"heading.default\">\n\t\t\t\t\t<h2 class=\"elementor-heading-title elementor-size-default\">Comment j'interviens ?<\/h2>\t\t\t\t<\/div>\n\t\t\t\t<\/div>\n\t\t\t\t\t<\/div>\n\t\t\t\t<\/div>\n\t\t<div class=\"elementor-element elementor-element-4f77e70 e-flex e-con-boxed e-con e-parent\" data-id=\"4f77e70\" data-element_type=\"container\" data-e-type=\"container\">\n\t\t\t\t\t<div class=\"e-con-inner\">\n\t\t\t\t<div class=\"elementor-element elementor-element-0383515 elementor-widget elementor-widget-text-editor\" data-id=\"0383515\" data-element_type=\"widget\" data-e-type=\"widget\" data-widget_type=\"text-editor.default\">\n\t\t\t\t\t\t\t\t\t<h2>Trois leviers d&#8217;action compl\u00e9mentaires<\/h2>\n<p class=\"font-claude-response-body break-words whitespace-normal leading-[1.7]\"><strong>Vision strat\u00e9gique partag\u00e9e<\/strong>\nCo-construction d&#8217;une direction claire, comprise et port\u00e9e par tous les acteurs cl\u00e9s<\/p>\n<p class=\"font-claude-response-body break-words whitespace-normal leading-[1.7]\"><strong>Alliance entre les acteurs<\/strong>\nR\u00e9solution des tensions existantes, cr\u00e9ation d&#8217;espaces de dialogue authentique, engagements mutuels qui s\u00e9curisent la coop\u00e9ration<\/p>\n<p class=\"font-claude-response-body break-words whitespace-normal leading-[1.7]\"><strong>D\u00e9veloppement des capacit\u00e9s collectives<\/strong>\nFormation des managers, mise en place d&#8217;outils de pilotage, d\u00e9veloppement de l&#8217;intelligence collective<\/p>\t\t\t\t\t\t\t\t<\/div>\n\t\t\t\t<div class=\"elementor-element elementor-element-3c7669e elementor-widget elementor-widget-text-editor\" data-id=\"3c7669e\" data-element_type=\"widget\" data-e-type=\"widget\" data-widget_type=\"text-editor.default\">\n\t\t\t\t\t\t\t\t\t<h2>Une dynamique d&#8217;apprentissage permanent<\/h2>\n<p>La transformation ne suit pas un plan lin\u00e9aire. J&#8217;installe une capacit\u00e9 d&#8217;apprentissage qui permet \u00e0 votre organisation d&#8217;exp\u00e9rimenter, d&#8217;ajuster en continu et d&#8217;ancrer durablement les nouveaux modes de fonctionnement.<\/p>\t\t\t\t\t\t\t\t<\/div>\n\t\t\t\t<div class=\"elementor-element elementor-element-6c5e7b0 elementor-widget elementor-widget-text-editor\" data-id=\"6c5e7b0\" data-element_type=\"widget\" data-e-type=\"widget\" data-widget_type=\"text-editor.default\">\n\t\t\t\t\t\t\t\t\t<p class=\"text-text-100 mt-2 -mb-1 text-base font-bold\" style=\"text-align: center;\"><strong><span style=\"color: #ffffff;\">FORMAT<\/span><\/strong><\/p><p class=\"font-claude-response-body break-words whitespace-normal leading-[1.7]\" style=\"text-align: center;\"><span style=\"color: #ffffff;\">Sur-mesure, d\u2019un atelier Comex sur vos priorit\u00e9s strat\u00e9giques \u00e0 un accompagnement plus long sur les modes de fonctionnement.<\/span><br \/><span style=\"color: #ffffff;\">En \u00e9quipe de coachs choisis sp\u00e9cifiquement pour r\u00e9pondre \u00e0 vos enjeux.<\/span><\/p>\t\t\t\t\t\t\t\t<\/div>\n\t\t\t\t\t<\/div>\n\t\t\t\t<\/div>\n\t\t<div class=\"elementor-element elementor-element-89eac2c e-flex e-con-boxed e-con e-parent\" data-id=\"89eac2c\" data-element_type=\"container\" data-e-type=\"container\">\n\t\t\t\t\t<div class=\"e-con-inner\">\n\t\t\t\t\t<\/div>\n\t\t\t\t<\/div>\n\t\t\t\t<\/div>\n\t\t","protected":false},"excerpt":{"rendered":"<p>COACHING D&#8217;ORGANISATION &#8220;Manager une entreprise, c&#8217;est avant tout manager une communaut\u00e9 d&#8217;hommes et de femmes pour les faire coop\u00e9rer \u00e0 une oeuvre commune, dans un champ de contraintes, internes et externes tr\u00e8s diverses&#8221; Dominique Genelot Transformer en profondeur Votre organisation a lanc\u00e9 des projets, redessin\u00e9 des processus, nomm\u00e9 de nouveaux managers. Et pourtant, les m\u00eames [&hellip;]<\/p>\n","protected":false},"author":1,"featured_media":0,"parent":0,"menu_order":0,"comment_status":"closed","ping_status":"closed","template":"","meta":{"footnotes":""},"class_list":["post-102","page","type-page","status-publish","hentry"],"_links":{"self":[{"href":"https:\/\/asgougeon.com\/index.php\/wp-json\/wp\/v2\/pages\/102","targetHints":{"allow":["GET"]}}],"collection":[{"href":"https:\/\/asgougeon.com\/index.php\/wp-json\/wp\/v2\/pages"}],"about":[{"href":"https:\/\/asgougeon.com\/index.php\/wp-json\/wp\/v2\/types\/page"}],"author":[{"embeddable":true,"href":"https:\/\/asgougeon.com\/index.php\/wp-json\/wp\/v2\/users\/1"}],"replies":[{"embeddable":true,"href":"https:\/\/asgougeon.com\/index.php\/wp-json\/wp\/v2\/comments?post=102"}],"version-history":[{"count":28,"href":"https:\/\/asgougeon.com\/index.php\/wp-json\/wp\/v2\/pages\/102\/revisions"}],"predecessor-version":[{"id":531,"href":"https:\/\/asgougeon.com\/index.php\/wp-json\/wp\/v2\/pages\/102\/revisions\/531"}],"wp:attachment":[{"href":"https:\/\/asgougeon.com\/index.php\/wp-json\/wp\/v2\/media?parent=102"}],"curies":[{"name":"wp","href":"https:\/\/api.w.org\/{rel}","templated":true}]}}